{"id":861,"date":"2022-01-24T16:08:17","date_gmt":"2022-01-24T16:08:17","guid":{"rendered":"https:\/\/eim.idoxgroup.com\/?page_id=861"},"modified":"2023-06-28T10:38:22","modified_gmt":"2023-06-28T09:38:22","slug":"sitemap","status":"publish","type":"page","link":"https:\/\/eim.idoxgroup.com\/de\/sitemap\/","title":{"rendered":"Sitemap"},"content":{"rendered":"<div class=\"fusion-fullwidth fullwidth-box fusion-builder-row-1 fusion-flex-container nonhundred-percent-fullwidth non-hundred-percent-height-scrolling\" style=\"--awb-border-radius-top-left:0px;--awb-border-radius-top-right:0px;--awb-border-radius-bottom-right:0px;--awb-border-radius-bottom-left:0px;--awb-flex-wrap:wrap;\" ><div class=\"fusion-builder-row fusion-row fusion-flex-align-items-flex-start fusion-flex-content-wrap\" style=\"max-width:1248px;margin-left: calc(-4% \/ 2 );margin-right: calc(-4% \/ 2 );\"><div class=\"fusion-layout-column fusion_builder_column fusion-builder-column-0 fusion_builder_column_1_1 1_1 fusion-flex-column\" style=\"--awb-bg-size:cover;--awb-width-large:100%;--awb-margin-top-large:0px;--awb-spacing-right-large:1.92%;--awb-margin-bottom-large:0px;--awb-spacing-left-large:1.92%;--awb-width-medium:100%;--awb-order-medium:0;--awb-spacing-right-medium:1.92%;--awb-spacing-left-medium:1.92%;--awb-width-small:100%;--awb-order-small:0;--awb-spacing-right-small:1.92%;--awb-spacing-left-small:1.92%;\"><div class=\"fusion-column-wrapper fusion-column-has-shadow fusion-flex-justify-content-flex-start fusion-content-layout-column\"><div class=\"fusion-title title fusion-title-1 fusion-sep-none fusion-title-text fusion-title-size-one\" style=\"--awb-margin-top-small:10px;--awb-margin-bottom-small:10px;\"><h1 class=\"fusion-title-heading title-heading-left fusion-responsive-typography-calculated\" style=\"margin:0;--fontSize:90;line-height:1.16;\">Sitemap<\/h1><\/div><div class=\"wsp-container\"><h2 class=\"wsp-pages-title\">Seiten<\/h2>\n<ul class=\"wsp-pages-list\">\n<li class=\"page_item page-item-1319\"><a href=\"https:\/\/eim.idoxgroup.com\/de\/book-a-demo\/\">Vorf\u00fchrung buchen<\/a><\/li>\n<li class=\"page_item page-item-20\"><a href=\"https:\/\/eim.idoxgroup.com\/de\/case-studies\/\">Fallstudien<\/a><\/li>\n<li class=\"page_item page-item-30\"><a href=\"https:\/\/eim.idoxgroup.com\/de\/contact\/\">Kontakt<\/a><\/li>\n<li class=\"page_item page-item-883\"><a href=\"https:\/\/eim.idoxgroup.com\/de\/cookie-list\/\">Cookie List<\/a><\/li>\n<li class=\"page_item page-item-684\"><a href=\"https:\/\/eim.idoxgroup.com\/de\/customer-login\/\">Customer Login<\/a><\/li>\n<li class=\"page_item page-item-673\"><a href=\"https:\/\/eim.idoxgroup.com\/de\/customer-support\/\">Kundenberatung<\/a><\/li>\n<li class=\"page_item page-item-1906\"><a href=\"https:\/\/eim.idoxgroup.com\/de\/eim-newsletter\/\">EIM Newsletter<\/a><\/li>\n<li class=\"page_item page-item-14\"><a href=\"https:\/\/eim.idoxgroup.com\/de\/fusionlive\/\">FusionLive<\/a><\/li>\n<li class=\"page_item page-item-1964\"><a href=\"https:\/\/eim.idoxgroup.com\/de\/\">Home<\/a><\/li>\n<li class=\"page_item page-item-16\"><a href=\"https:\/\/eim.idoxgroup.com\/de\/industry-applications\/\">Branchen<\/a><\/li>\n<li class=\"page_item page-item-24\"><a href=\"https:\/\/eim.idoxgroup.com\/de\/news-insights\/\">Nachrichten und Erkenntnisse<\/a><\/li>\n<li class=\"page_item page-item-22\"><a href=\"https:\/\/eim.idoxgroup.com\/de\/on-premise-solutions\/\">On-Premise-L\u00f6sungen<\/a><\/li>\n<li class=\"page_item page-item-1543\"><a href=\"https:\/\/eim.idoxgroup.com\/de\/request-a-demo\/\">Request a demo<\/a><\/li>\n<li class=\"page_item page-item-1288\"><a href=\"https:\/\/eim.idoxgroup.com\/de\/watch-video\/\">Watch the video<\/a><\/li>\n<\/ul>\n<h2 class=\"wsp-posts-title\">Beitr\u00e4ge nach Kategorie<\/h2>\n<ul class=\"wsp-posts-list\">\n\t<li><strong class=\"wsp-category-title\">Kategorie: <a href=\"https:\/\/eim.idoxgroup.com\/de\/category\/case-studies\/\">Fallstudien<\/a><\/strong>\n<ul class=\"wsp-posts-list\">\t\t<li class=\"wsp-post\"><a href=\"https:\/\/eim.idoxgroup.com\/de\/case-studies\/galant-zabkowska-apartments\/\">Galant Z\u0105bkowska Apartments<\/a><\/li>\n\t\t<li class=\"wsp-post\"><a href=\"https:\/\/eim.idoxgroup.com\/de\/case-studies\/fusionlive-helps-wpv-baubetreuung-gmbh-increase-efficiency-by-10\/\">FusionLive verhilft WPV Baubetreuung GmbH zu einer Effizienzsteigerung von 10% WPV Baubetreuung GmbH<\/a><\/li>\n\t\t<li class=\"wsp-post\"><a href=\"https:\/\/eim.idoxgroup.com\/de\/case-studies\/aspire-defence-capital-works-adcw\/\">Aspire Defence Capital Works (ADCW)<\/a><\/li>\n\t\t<li class=\"wsp-post\"><a href=\"https:\/\/eim.idoxgroup.com\/de\/case-studies\/wood\/\">Wood<\/a><\/li>\n\t\t<li class=\"wsp-post\"><a href=\"https:\/\/eim.idoxgroup.com\/de\/case-studies\/basin-electric-power-cooperative\/\">Basin Electric Power Cooperative<\/a><\/li>\n\t\t<li class=\"wsp-post\"><a href=\"https:\/\/eim.idoxgroup.com\/de\/case-studies\/cleco\/\">Cleco Power<\/a><\/li>\n\t\t<li class=\"wsp-post\"><a href=\"https:\/\/eim.idoxgroup.com\/de\/case-studies\/torxen-energy\/\">Torxen Energy<\/a><\/li>\n\t\t<li class=\"wsp-post\"><a href=\"https:\/\/eim.idoxgroup.com\/de\/case-studies\/arion-blue\/\">Arion Blue<\/a><\/li>\n<\/ul><\/li>\n\t<li><strong class=\"wsp-category-title\">Kategorie: <a href=\"https:\/\/eim.idoxgroup.com\/de\/category\/insights\/\">Insights<\/a><\/strong>\n<ul class=\"wsp-posts-list\">\t\t<li class=\"wsp-post\"><a href=\"https:\/\/eim.idoxgroup.com\/de\/insights\/a-shifting-construction-landscape\/\">A shifting construction landscape<\/a><\/li>\n\t\t<li class=\"wsp-post\"><a href=\"https:\/\/eim.idoxgroup.com\/de\/insights\/from-zero-to-hero-how-automated-tag-management-helps-digitalisation-to-deliver\/\">Von Null auf Hundert. Wie automatisiertes Tag-Management die Digitalisierung erfolgreich unterst\u00fctzt<\/a><\/li>\n\t\t<li class=\"wsp-post\"><a href=\"https:\/\/eim.idoxgroup.com\/de\/insights\/taking-digital-to-the-engineering-sphere-how-can-epcs-and-owner-operators-accelerate-tech-transformation\/\">Wie k\u00f6nnen EPCs und Eigenbetreiber den technologischen Wandel beschleunigen?<\/a><\/li>\n\t\t<li class=\"wsp-post\"><a href=\"https:\/\/eim.idoxgroup.com\/de\/insights\/covid-and-control-how-automation-can-reduce-energy-project-cost-and-risk\/\">Covid und Kontrolle<\/a><\/li>\n\t\t<li class=\"wsp-post\"><a href=\"https:\/\/eim.idoxgroup.com\/de\/insights\/smart-document-management\/\">Unterst\u00fctzung von EPCs und Eigenbetreibern bei der Fr\u00fcherkennung von Nacharbeiten und Verz\u00f6gerungen bei Projekten<\/a><\/li>\n\t\t<li class=\"wsp-post\"><a href=\"https:\/\/eim.idoxgroup.com\/de\/insights\/the-six-steps\/\">In sechs Schritten zu mehr Effizienz bei der Kontrolle Ihrer technischen Dokumente<\/a><\/li>\n<\/ul><\/li>\n\t<li><strong class=\"wsp-category-title\">Kategorie: <a href=\"https:\/\/eim.idoxgroup.com\/de\/category\/news\/\">News<\/a><\/strong>\n<ul class=\"wsp-posts-list\">\t\t<li class=\"wsp-post\"><a href=\"https:\/\/eim.idoxgroup.com\/de\/news\/deep-sea-development-services-selects-idoxs-fusionlive-to-enable-efficient-document-and-information-management-for-new-projects\/\">Deep Sea Development Services selects Idox\u2019s FusionLive to enable efficient document and information management for new projects<\/a><\/li>\n\t\t<li class=\"wsp-post\"><a href=\"https:\/\/eim.idoxgroup.com\/de\/news\/back-to-the-future-why-the-past-holds-the-key-to-transforming-future-construction-performance\/\">Back to the future: why the past holds the key to transforming future construction performance<\/a><\/li>\n\t\t<li class=\"wsp-post\"><a href=\"https:\/\/eim.idoxgroup.com\/de\/news\/disjointed-models-leave-north-americas-construction-industry-blindsided-by-risks\/\">Disjointed models leave North America\u2019s construction industry blindsided by risks<\/a><\/li>\n\t\t<li class=\"wsp-post\"><a href=\"https:\/\/eim.idoxgroup.com\/de\/news\/idox-launches-automated-tag-extraction-for-digital-twin-enrichment\/\">Idox f\u00fchrt automatische Tag-Extraktion f\u00fcr die Anreicherung von digitalen Zwillingen ein<\/a><\/li>\n\t\t<li class=\"wsp-post\"><a href=\"https:\/\/eim.idoxgroup.com\/de\/news\/engineering-our-way-through-a-pandemic\/\">Unser Weg durch eine Pandemie<\/a><\/li>\n\t\t<li class=\"wsp-post translation-block\"><a href=\"https:\/\/eim.idoxgroup.com\/de\/nachrichten\/den-blick-fur-eine-intelligentere-projektdurchfuhrung-offnen-in-lissabon\/\">Den Blick f\u00fcr eine intelligentere Projektdurchf\u00fchrung \u00f6ffnen - in Lissabon<\/a><\/li>\n<\/ul><\/li>\n<\/ul>\n<\/div><\/div><\/div><\/div><\/div>","protected":false},"excerpt":{"rendered":"","protected":false},"author":3,"featured_media":0,"parent":0,"menu_order":0,"comment_status":"closed","ping_status":"closed","template":"","meta":{"content-type":"","footnotes":""},"class_list":["post-861","page","type-page","status-publish","hentry"],"yoast_head":"<!-- This site is optimized with the Yoast SEO plugin v27.3 - https:\/\/yoast.com\/product\/yoast-seo-wordpress\/ -->\n<title>Sitemap - Idox EIM<\/title>\n<meta name=\"robots\" content=\"index, follow, max-snippet:-1, max-image-preview:large, max-video-preview:-1\" \/>\n<link rel=\"canonical\" href=\"https:\/\/eim.idoxgroup.com\/de\/sitemap\/\" \/>\n<meta property=\"og:locale\" content=\"de_DE\" \/>\n<meta property=\"og:type\" content=\"article\" \/>\n<meta property=\"og:title\" content=\"Sitemap - Idox EIM\" \/>\n<meta property=\"og:url\" content=\"https:\/\/eim.idoxgroup.com\/de\/sitemap\/\" \/>\n<meta property=\"og:site_name\" content=\"Idox EIM\" \/>\n<meta property=\"article:modified_time\" content=\"2023-06-28T09:38:22+00:00\" \/>\n<meta name=\"twitter:card\" content=\"summary_large_image\" \/>\n<meta name=\"twitter:label1\" content=\"Gesch\u00e4tzte Lesezeit\" \/>\n\t<meta name=\"twitter:data1\" content=\"1\u00a0Minute\" \/>\n<script type=\"application\/ld+json\" class=\"yoast-schema-graph\">{\"@context\":\"https:\\\/\\\/schema.org\",\"@graph\":[{\"@type\":\"WebPage\",\"@id\":\"https:\\\/\\\/eim.idoxgroup.com\\\/sitemap\\\/\",\"url\":\"https:\\\/\\\/eim.idoxgroup.com\\\/sitemap\\\/\",\"name\":\"Sitemap - Idox EIM\",\"isPartOf\":{\"@id\":\"https:\\\/\\\/eim.idoxgroup.com\\\/#website\"},\"datePublished\":\"2022-01-24T16:08:17+00:00\",\"dateModified\":\"2023-06-28T09:38:22+00:00\",\"breadcrumb\":{\"@id\":\"https:\\\/\\\/eim.idoxgroup.com\\\/sitemap\\\/#breadcrumb\"},\"inLanguage\":\"de\",\"potentialAction\":[{\"@type\":\"ReadAction\",\"target\":[\"https:\\\/\\\/eim.idoxgroup.com\\\/sitemap\\\/\"]}]},{\"@type\":\"BreadcrumbList\",\"@id\":\"https:\\\/\\\/eim.idoxgroup.com\\\/sitemap\\\/#breadcrumb\",\"itemListElement\":[{\"@type\":\"ListItem\",\"position\":1,\"name\":\"Home\",\"item\":\"https:\\\/\\\/eim.idoxgroup.com\\\/\"},{\"@type\":\"ListItem\",\"position\":2,\"name\":\"Sitemap\"}]},{\"@type\":\"WebSite\",\"@id\":\"https:\\\/\\\/eim.idoxgroup.com\\\/#website\",\"url\":\"https:\\\/\\\/eim.idoxgroup.com\\\/\",\"name\":\"Idox EIM\",\"description\":\"\",\"potentialAction\":[{\"@type\":\"SearchAction\",\"target\":{\"@type\":\"EntryPoint\",\"urlTemplate\":\"https:\\\/\\\/eim.idoxgroup.com\\\/?s={search_term_string}\"},\"query-input\":{\"@type\":\"PropertyValueSpecification\",\"valueRequired\":true,\"valueName\":\"search_term_string\"}}],\"inLanguage\":\"de\"}]}<\/script>\n<!-- \/ Yoast SEO plugin. -->","yoast_head_json":{"title":"Sitemap - Idox EIM","robots":{"index":"index","follow":"follow","max-snippet":"max-snippet:-1","max-image-preview":"max-image-preview:large","max-video-preview":"max-video-preview:-1"},"canonical":"https:\/\/eim.idoxgroup.com\/de\/sitemap\/","og_locale":"de_DE","og_type":"article","og_title":"Sitemap - Idox EIM","og_url":"https:\/\/eim.idoxgroup.com\/de\/sitemap\/","og_site_name":"Idox EIM","article_modified_time":"2023-06-28T09:38:22+00:00","twitter_card":"summary_large_image","twitter_misc":{"Gesch\u00e4tzte Lesezeit":"1\u00a0Minute"},"schema":{"@context":"https:\/\/schema.org","@graph":[{"@type":"WebPage","@id":"https:\/\/eim.idoxgroup.com\/sitemap\/","url":"https:\/\/eim.idoxgroup.com\/sitemap\/","name":"Sitemap - Idox EIM","isPartOf":{"@id":"https:\/\/eim.idoxgroup.com\/#website"},"datePublished":"2022-01-24T16:08:17+00:00","dateModified":"2023-06-28T09:38:22+00:00","breadcrumb":{"@id":"https:\/\/eim.idoxgroup.com\/sitemap\/#breadcrumb"},"inLanguage":"de","potentialAction":[{"@type":"ReadAction","target":["https:\/\/eim.idoxgroup.com\/sitemap\/"]}]},{"@type":"BreadcrumbList","@id":"https:\/\/eim.idoxgroup.com\/sitemap\/#breadcrumb","itemListElement":[{"@type":"ListItem","position":1,"name":"Home","item":"https:\/\/eim.idoxgroup.com\/"},{"@type":"ListItem","position":2,"name":"Sitemap"}]},{"@type":"WebSite","@id":"https:\/\/eim.idoxgroup.com\/#website","url":"https:\/\/eim.idoxgroup.com\/","name":"Idox EIM","description":"","potentialAction":[{"@type":"SearchAction","target":{"@type":"EntryPoint","urlTemplate":"https:\/\/eim.idoxgroup.com\/?s={search_term_string}"},"query-input":{"@type":"PropertyValueSpecification","valueRequired":true,"valueName":"search_term_string"}}],"inLanguage":"de"}]}},"_links":{"self":[{"href":"https:\/\/eim.idoxgroup.com\/de\/wp-json\/wp\/v2\/pages\/861","targetHints":{"allow":["GET"]}}],"collection":[{"href":"https:\/\/eim.idoxgroup.com\/de\/wp-json\/wp\/v2\/pages"}],"about":[{"href":"https:\/\/eim.idoxgroup.com\/de\/wp-json\/wp\/v2\/types\/page"}],"author":[{"embeddable":true,"href":"https:\/\/eim.idoxgroup.com\/de\/wp-json\/wp\/v2\/users\/3"}],"replies":[{"embeddable":true,"href":"https:\/\/eim.idoxgroup.com\/de\/wp-json\/wp\/v2\/comments?post=861"}],"version-history":[{"count":2,"href":"https:\/\/eim.idoxgroup.com\/de\/wp-json\/wp\/v2\/pages\/861\/revisions"}],"predecessor-version":[{"id":1742,"href":"https:\/\/eim.idoxgroup.com\/de\/wp-json\/wp\/v2\/pages\/861\/revisions\/1742"}],"wp:attachment":[{"href":"https:\/\/eim.idoxgroup.com\/de\/wp-json\/wp\/v2\/media?parent=861"}],"curies":[{"name":"wp","href":"https:\/\/api.w.org\/{rel}","templated":true}]}}